{"id":344,"date":"2014-09-12T10:06:16","date_gmt":"2014-09-12T08:06:16","guid":{"rendered":"http:\/\/eiderlauf.athletico-buedelsdorf.de\/?page_id=344"},"modified":"2020-01-30T16:47:39","modified_gmt":"2020-01-30T14:47:39","slug":"streckenrekorde","status":"publish","type":"page","link":"https:\/\/eiderlauf.athletico-buedelsdorf.de\/?page_id=344","title":{"rendered":"Streckenrekorde"},"content":{"rendered":"\n<p class=\"has-background has-pale-cyan-blue-background-color\"><strong>vom 1. bis zum 30. <\/strong> <strong>Eiderlauf <\/strong> <strong>(im Jahre 2019)<\/strong><\/p>\n\n\n<div class=\"jsn-article-content\">\n<table border=\"0\">\n<tbody>\n<tr>\n<td style=\"text-align: left;\"><strong>Hauptlauf &#8211; Frauen<\/strong><\/td>\n<td style=\"text-align: left;\">1991: Kirsten Herzberg, LBV Ph\u00f6nix L\u00fcbeck, <strong>38:20 Minuten<\/strong><\/td>\n<\/tr>\n<tr>\n<td style=\"text-align: left;\"><strong>Hauptlauf &#8211; M\u00e4nner<\/strong><\/td>\n<td style=\"text-align: left;\">1992: Frank K\u00fchrmann, LBV Ph\u00f6nix L\u00fcbeck, <strong>33:39 Minuten<\/strong><\/td>\n<\/tr>\n<tr>\n<td valign=\"top\"><strong>&nbsp;<\/strong><\/td>\n<td valign=\"top\">&nbsp;<\/td>\n<\/tr>\n<tr>\n<td style=\"text-align: left;\" valign=\"top\"><strong>Jedermannlauf &#8211; Frauen<\/strong><\/td>\n<td style=\"text-align: left;\" valign=\"top\">2018: Maya Rehberg, TOYOTA Auto Centrum Lass, <strong>19:42 Minuten<\/strong><\/td>\n<\/tr>\n<tr>\n<td style=\"text-align: left;\" valign=\"top\"><strong>Jedermannlauf &#8211; M\u00e4nner<br>\n<\/strong><\/td>\n<td style=\"text-align: left;\" valign=\"top\">1996: Dirk Peters, MTV L\u00fcbeck, <strong>17:38 Minuten<\/strong><\/td>\n<\/tr>\n<tr>\n<td valign=\"top\">&nbsp;<\/td>\n<td valign=\"top\">&nbsp;<\/td>\n<\/tr>\n<tr>\n<td style=\"text-align: left;\" valign=\"top\"><strong>Zwergensprint &#8211; M\u00e4dchen<\/strong><\/td>\n<td style=\"text-align: left;\" valign=\"top\">2005: Christin Liedtke, Klein Nordsee, <strong>05:01 Minuten<\/strong><\/td>\n<\/tr>\n<tr>\n<td style=\"text-align: left;\" valign=\"top\"><strong>Zwergensprint &#8211; Jungen<br>\n<\/strong><\/td>\n<td style=\"text-align: left;\" valign=\"top\">2005: Niklas Schmitz, SG Athletico B\u00fcdelsdorf, <strong>04:50 Minuten<\/strong><\/td>\n<\/tr>\n<\/tbody>\n<\/table>\n<\/div>\n\n\n<p class=\"has-background has-pale-cyan-blue-background-color\"><strong>ab dem 31. Eiderlauf (im Jahre 2020) gelten neue Strecken, also auch neue Rekorde<\/strong><\/p>\n","protected":false},"excerpt":{"rendered":"<p>vom 1. bis zum 30. Eiderlauf (im Jahre 2019) Hauptlauf &#8211; Frauen 1991: Kirsten Herzberg, LBV Ph\u00f6nix L\u00fcbeck, 38:20 Minuten Hauptlauf &#8211; M\u00e4nner 1992: Frank K\u00fchrmann, LBV Ph\u00f6nix L\u00fcbeck, 33:39 Minuten &nbsp; &nbsp; Jedermannlauf&#46;&#46;&#46;<\/p>\n","protected":false},"author":1,"featured_media":0,"parent":0,"menu_order":0,"comment_status":"open","ping_status":"open","template":"","meta":{"ngg_post_thumbnail":0,"footnotes":""},"class_list":["post-344","page","type-page","status-publish","hentry"],"_links":{"self":[{"href":"https:\/\/eiderlauf.athletico-buedelsdorf.de\/index.php?rest_route=\/wp\/v2\/pages\/344","targetHints":{"allow":["GET"]}}],"collection":[{"href":"https:\/\/eiderlauf.athletico-buedelsdorf.de\/index.php?rest_route=\/wp\/v2\/pages"}],"about":[{"href":"https:\/\/eiderlauf.athletico-buedelsdorf.de\/index.php?rest_route=\/wp\/v2\/types\/page"}],"author":[{"embeddable":true,"href":"https:\/\/eiderlauf.athletico-buedelsdorf.de\/index.php?rest_route=\/wp\/v2\/users\/1"}],"replies":[{"embeddable":true,"href":"https:\/\/eiderlauf.athletico-buedelsdorf.de\/index.php?rest_route=%2Fwp%2Fv2%2Fcomments&post=344"}],"version-history":[{"count":6,"href":"https:\/\/eiderlauf.athletico-buedelsdorf.de\/index.php?rest_route=\/wp\/v2\/pages\/344\/revisions"}],"predecessor-version":[{"id":1426,"href":"https:\/\/eiderlauf.athletico-buedelsdorf.de\/index.php?rest_route=\/wp\/v2\/pages\/344\/revisions\/1426"}],"wp:attachment":[{"href":"https:\/\/eiderlauf.athletico-buedelsdorf.de\/index.php?rest_route=%2Fwp%2Fv2%2Fmedia&parent=344"}],"curies":[{"name":"wp","href":"https:\/\/api.w.org\/{rel}","templated":true}]}}