{"id":313,"date":"2014-09-11T11:35:04","date_gmt":"2014-09-11T09:35:04","guid":{"rendered":"http:\/\/eiderlauf.athletico-buedelsdorf.de\/?page_id=313"},"modified":"2018-10-15T14:23:21","modified_gmt":"2018-10-15T12:23:21","slug":"statistik","status":"publish","type":"page","link":"https:\/\/eiderlauf.athletico-buedelsdorf.de\/?page_id=313","title":{"rendered":"Statistik &#8211; 27 Jahre Eiderlauf"},"content":{"rendered":"<p><a href=\"https:\/\/eiderlauf.athletico-buedelsdorf.de\/wp-content\/uploads\/2017\/10\/HL_Mannschaften.pdf\" target=\"_blank\" rel=\"noopener\">Hauptlauf Mannschaften seit 1990<\/a><\/p>\n<p>&nbsp;<\/p>\n<p><a href=\"https:\/\/eiderlauf.athletico-buedelsdorf.de\/wp-content\/uploads\/2014\/08\/HL_M_90-99.pdf\" target=\"_blank\" rel=\"noopener\">Hauptlauf M\u00e4nner 1990 &#8211; 1999<\/a><\/p>\n<p><a href=\"https:\/\/eiderlauf.athletico-buedelsdorf.de\/wp-content\/uploads\/2014\/08\/HL_M_00-10.pdf\" target=\"_blank\" rel=\"noopener\">Hauptlauf M\u00e4nner 2000 &#8211; 2010<\/a><\/p>\n<p><a href=\"https:\/\/eiderlauf.athletico-buedelsdorf.de\/wp-content\/uploads\/2017\/10\/HL_M_11-16.pdf\" target=\"_blank\" rel=\"noopener\">Hauptlauf M\u00e4nner 2011 &#8211; 2016<\/a><\/p>\n<p><a href=\"https:\/\/eiderlauf.athletico-buedelsdorf.de\/wp-content\/uploads\/2014\/08\/HL_F_90-99.pdf\" target=\"_blank\" rel=\"noopener\">Hauptlauf Frauen 1990 &#8211; 1999<\/a><\/p>\n<p><a href=\"https:\/\/eiderlauf.athletico-buedelsdorf.de\/wp-content\/uploads\/2014\/08\/HL_F_00-10.pdf\" target=\"_blank\" rel=\"noopener\">Hauptlauf Frauen 2000 &#8211; 2010<\/a><\/p>\n<p><a href=\"https:\/\/eiderlauf.athletico-buedelsdorf.de\/wp-content\/uploads\/2018\/10\/HL_F_11-16.pdf\" target=\"_blank\" rel=\"noopener\">Hauptlauf Frauen 2011 &#8211; 2016<\/a><\/p>\n<p>&nbsp;<\/p>\n<p><a href=\"https:\/\/eiderlauf.athletico-buedelsdorf.de\/wp-content\/uploads\/2014\/08\/JL_M_90-99.pdf\" target=\"_blank\" rel=\"noopener\">Jedermannlauf M\u00e4nner 1990 &#8211; 1999<\/a><\/p>\n<p><a href=\"https:\/\/eiderlauf.athletico-buedelsdorf.de\/wp-content\/uploads\/2014\/08\/JL_M_00-10.pdf\" target=\"_blank\" rel=\"noopener\">Jedermannlauf M\u00e4nner 2000 &#8211; 2010<\/a><\/p>\n<p><a href=\"https:\/\/eiderlauf.athletico-buedelsdorf.de\/wp-content\/uploads\/2017\/10\/JL_M_11-16.pdf\" target=\"_blank\" rel=\"noopener\">Jedermannlauf M\u00e4nner 2011 &#8211; 2016<\/a><\/p>\n<p><a href=\"https:\/\/eiderlauf.athletico-buedelsdorf.de\/wp-content\/uploads\/2014\/08\/JL_F_90-99.pdf\" target=\"_blank\" rel=\"noopener\">Jedermannlauf Frauen 1990 &#8211; 1999<\/a><\/p>\n<p><a href=\"https:\/\/eiderlauf.athletico-buedelsdorf.de\/wp-content\/uploads\/2014\/08\/JL_F_00-09.pdf\" target=\"_blank\" rel=\"noopener\">Jedermannlauf Frauen 2000 &#8211; 2009<\/a><\/p>\n<p><a href=\"https:\/\/eiderlauf.athletico-buedelsdorf.de\/wp-content\/uploads\/2017\/10\/JL_F_10-16.pdf\" target=\"_blank\" rel=\"noopener\">Jedermannlauf Frauen 2010 &#8211; 2016<\/a><\/p>\n<p>&nbsp;<\/p>\n<p><a href=\"https:\/\/eiderlauf.athletico-buedelsdorf.de\/wp-content\/uploads\/2014\/08\/ZS_M_98-07.pdf\" target=\"_blank\" rel=\"noopener\">Zwergensprint Jungen 1998 &#8211; 2007<\/a><\/p>\n<p><a href=\"https:\/\/eiderlauf.athletico-buedelsdorf.de\/wp-content\/uploads\/2014\/08\/ZS_M_98-07.pdf\" target=\"_blank\" rel=\"noopener\">Zwergensprint<\/a><a href=\"https:\/\/eiderlauf.athletico-buedelsdorf.de\/wp-content\/uploads\/2017\/10\/ZS_M_08-16.pdf\" target=\"_blank\" rel=\"noopener\">&nbsp;Jungen 2008 &#8211; 2016<\/a><\/p>\n<p><a href=\"https:\/\/eiderlauf.athletico-buedelsdorf.de\/wp-content\/uploads\/2014\/08\/ZS_M_98-07.pdf\" target=\"_blank\" rel=\"noopener\">Zwergensprint<\/a><a href=\"https:\/\/eiderlauf.athletico-buedelsdorf.de\/wp-content\/uploads\/2014\/08\/ZS_W_98-07.pdf\" target=\"_blank\" rel=\"noopener\">&nbsp;M\u00e4dchen 1998 &#8211; 2007<\/a><\/p>\n<p><a href=\"https:\/\/eiderlauf.athletico-buedelsdorf.de\/wp-content\/uploads\/2014\/08\/ZS_M_98-07.pdf\" target=\"_blank\" rel=\"noopener\">Zwergensprint<\/a><a href=\"https:\/\/eiderlauf.athletico-buedelsdorf.de\/wp-content\/uploads\/2017\/10\/ZS_W_08-16.pdf\" target=\"_blank\" rel=\"noopener\">&nbsp;M\u00e4dchen 2008 &#8211; 2016<\/a><\/p>\n","protected":false},"excerpt":{"rendered":"<p>Hauptlauf Mannschaften seit 1990 &nbsp; Hauptlauf M\u00e4nner 1990 &#8211; 1999 Hauptlauf M\u00e4nner 2000 &#8211; 2010 Hauptlauf M\u00e4nner 2011 &#8211; 2016 Hauptlauf Frauen 1990 &#8211; 1999 Hauptlauf Frauen 2000 &#8211; 2010 Hauptlauf Frauen 2011 &#8211;&#46;&#46;&#46;<\/p>\n","protected":false},"author":1,"featured_media":0,"parent":0,"menu_order":0,"comment_status":"open","ping_status":"open","template":"","meta":{"ngg_post_thumbnail":0,"footnotes":""},"class_list":["post-313","page","type-page","status-publish","hentry"],"_links":{"self":[{"href":"https:\/\/eiderlauf.athletico-buedelsdorf.de\/index.php?rest_route=\/wp\/v2\/pages\/313","targetHints":{"allow":["GET"]}}],"collection":[{"href":"https:\/\/eiderlauf.athletico-buedelsdorf.de\/index.php?rest_route=\/wp\/v2\/pages"}],"about":[{"href":"https:\/\/eiderlauf.athletico-buedelsdorf.de\/index.php?rest_route=\/wp\/v2\/types\/page"}],"author":[{"embeddable":true,"href":"https:\/\/eiderlauf.athletico-buedelsdorf.de\/index.php?rest_route=\/wp\/v2\/users\/1"}],"replies":[{"embeddable":true,"href":"https:\/\/eiderlauf.athletico-buedelsdorf.de\/index.php?rest_route=%2Fwp%2Fv2%2Fcomments&post=313"}],"version-history":[{"count":31,"href":"https:\/\/eiderlauf.athletico-buedelsdorf.de\/index.php?rest_route=\/wp\/v2\/pages\/313\/revisions"}],"predecessor-version":[{"id":1084,"href":"https:\/\/eiderlauf.athletico-buedelsdorf.de\/index.php?rest_route=\/wp\/v2\/pages\/313\/revisions\/1084"}],"wp:attachment":[{"href":"https:\/\/eiderlauf.athletico-buedelsdorf.de\/index.php?rest_route=%2Fwp%2Fv2%2Fmedia&parent=313"}],"curies":[{"name":"wp","href":"https:\/\/api.w.org\/{rel}","templated":true}]}}