{"id":1253,"date":"2019-04-19T09:44:18","date_gmt":"2019-04-19T07:44:18","guid":{"rendered":"http:\/\/eiderlauf.athletico-buedelsdorf.de\/?page_id=1253"},"modified":"2026-02-04T17:12:08","modified_gmt":"2026-02-04T15:12:08","slug":"ausschreibung-2019","status":"publish","type":"page","link":"https:\/\/eiderlauf.athletico-buedelsdorf.de\/?page_id=1253","title":{"rendered":"Ausschreibung 2026"},"content":{"rendered":"\n<h5 class=\"wp-block-heading\">Ausschreibung<\/h5>\n\n\n\n<p class=\"has-vivid-red-color has-text-color has-medium-font-size\"><strong>36. B\u00fcdelsdorfer Eiderlauf<\/strong><\/p>\n\n\n\n<h5 class=\"wp-block-heading\"><strong>Ausrichter:<\/strong><\/h5>\n\n\n\n<p class=\"has-vivid-cyan-blue-color has-text-color\">SG Athletico B\u00fcdelsdorf<\/p>\n\n\n\n<h5 class=\"wp-block-heading\"><strong>Ort und Datum:<\/strong><\/h5>\n\n\n\n<p class=\"has-very-dark-gray-color has-text-color\">B\u00fcdelsdorf, 04.10.2026<\/p>\n\n\n\n<h5 class=\"wp-block-heading\"><strong>Start und Ziel:<\/strong><\/h5>\n\n\n\n<p class=\"has-very-dark-gray-color has-text-color\">B\u00fcdelsdorf, Eiderstadion, Hermann-Ehlers-Platz 4<\/p>\n\n\n\n<h5 class=\"wp-block-heading\"><strong>A<\/strong><strong>nmeldung:<\/strong><\/h5>\n\n\n\n<p class=\"has-vivid-cyan-blue-color has-text-color\">Die Anmeldung erfolgt online unter <strong><a href=\"http:\/\/my.raceresult.com\/382204\/\" target=\"_blank\" rel=\"noreferrer noopener\">www.raceresult.de<\/a><\/strong><\/p>\n\n\n\n<h5 class=\"wp-block-heading\"><strong>Meldeschluss:<\/strong><\/h5>\n\n\n\n<p class=\"has-very-dark-gray-color has-text-color\">Sonntag, 27. Septemer 2026 ; siehe dazu auch &#8230; Startgeb\u00fchren<\/p>\n\n\n\n<p class=\"has-very-dark-gray-color has-text-color\" style=\"font-size:24px\"><strong>Startgeb\u00fchren (online-Meldung bis zum 27.09.2026) :<\/strong><\/p>\n\n\n\n<p>Zwergensprint&nbsp;&nbsp;&nbsp;&nbsp;&nbsp;&nbsp;&nbsp;&nbsp;&nbsp;&nbsp;&nbsp;&nbsp;&nbsp;&nbsp;&nbsp;&nbsp;&nbsp;&nbsp;&nbsp;&nbsp;&nbsp;&nbsp;&nbsp;&nbsp; 3,00 \u20ac<\/p>\n\n\n\n<p>Sch\u00fcler\/Jugendliche&nbsp;&nbsp;&nbsp;&nbsp;&nbsp;&nbsp;&nbsp;&nbsp;&nbsp;&nbsp;&nbsp;&nbsp; &nbsp; 5,00 \u20ac<\/p>\n\n\n\n<p>Erwachsene&nbsp;&nbsp;&nbsp;&nbsp;&nbsp;&nbsp;&nbsp;&nbsp;&nbsp;&nbsp;&nbsp;&nbsp;&nbsp;&nbsp;&nbsp;&nbsp;&nbsp;&nbsp;&nbsp;&nbsp;&nbsp;&nbsp;&nbsp;&nbsp;&nbsp;&nbsp;&nbsp;&nbsp;10,00 \u20ac<\/p>\n\n\n\n<p class=\"has-very-dark-gray-color has-text-color\" style=\"font-size:24px\"><strong>Startgeb\u00fchren (online-Nach-Meldung vom 28.09. &#8211; 03.10.26 18:00 Uhr)<\/strong><\/p>\n\n\n\n<p class=\"has-very-dark-gray-color has-text-color\">Zwergensprint&nbsp;&nbsp;&nbsp;&nbsp;&nbsp;&nbsp;&nbsp;&nbsp;&nbsp;&nbsp;&nbsp;&nbsp;&nbsp;&nbsp;&nbsp;&nbsp;&nbsp;&nbsp;&nbsp;&nbsp;&nbsp;&nbsp;&nbsp;&nbsp; 5,00 \u20ac <\/p>\n\n\n\n<p class=\"has-very-dark-gray-color has-text-color\">Sch\u00fcler\/Jugendliche&nbsp;&nbsp;&nbsp;&nbsp;&nbsp;&nbsp;&nbsp;&nbsp;&nbsp;&nbsp;&nbsp;&nbsp; &nbsp; 10,00 \u20ac <\/p>\n\n\n\n<p class=\"has-very-dark-gray-color has-text-color\">Erwachsene&nbsp;&nbsp;&nbsp;&nbsp;&nbsp;&nbsp;&nbsp;&nbsp;&nbsp;&nbsp;&nbsp;&nbsp;&nbsp;&nbsp;&nbsp;&nbsp;&nbsp;&nbsp;&nbsp;&nbsp;&nbsp;&nbsp;&nbsp;&nbsp;&nbsp;&nbsp;&nbsp;&nbsp; 15,00 \u20ac <\/p>\n\n\n\n<p class=\"has-vivid-red-color has-text-color\">Nachmeldungen vor Ort sind in KEINEM Fall m\u00f6glich !<\/p>\n\n\n\n<h5 class=\"wp-block-heading\"><strong>Zeitnahme:<\/strong><\/h5>\n\n\n\n<p class=\"has-vivid-cyan-blue-color has-text-color\">Die Zeitnahme erfolgt mit Chiptechnologie der <strong><a href=\"http:\/\/www.wetzstopp.de\/\" target=\"_blank\" rel=\"noreferrer noopener\">Firma Wetzstopp<\/a><\/strong><\/p>\n\n\n\n<h5 class=\"wp-block-heading\"><strong>Startnummern:<\/strong><\/h5>\n\n\n\n<p class=\"has-very-dark-gray-color has-text-color\">Die Ausgabe der Startunterlagen erfolgt am Wettkampftag ab 8.30 Uhr  in den Garagen, unten im Eiderstadion.<\/p>\n\n\n\n<h5 class=\"wp-block-heading\"><strong>Wettbewerbe (kein Nordic Walking !) :<\/strong><\/h5>\n\n\n\n<p><strong><a aria-label=\" (\u00f6ffnet in neuem Tab)\" href=\"https:\/\/eiderlauf.athletico-buedelsdorf.de\/?page_id=55\" target=\"_blank\" rel=\"noreferrer noopener\">Zwergensprint 1,25 km<\/a><\/strong>\u00a0\u00a0\u00a0\u00a0\u00a0\u00a0 (6 \u2013 12 Jahre &#8211; Jahrgang 2014-2020)\u00a0\u00a0\u00a0\u00a0\u00a0\u00a0\u00a0\u00a0\u00a0 Start: 10.00 Uhr<\/p>\n\n\n\n<p><strong><a aria-label=\" (\u00f6ffnet in neuem Tab)\" href=\"https:\/\/eiderlauf.athletico-buedelsdorf.de\/?page_id=55\" target=\"_blank\" rel=\"noreferrer noopener\">Hauptlauf 10,95 km<\/a><\/strong> \u00a0\u00a0\u00a0\u00a0\u00a0\u00a0\u00a0\u00a0\u00a0\u00a0\u00a0\u00a0 (ab 16 Jahren &#8211; also Jahrgang 2010 und \u00e4lter)\u00a0 Start: ca. 10.30 Uhr<\/p>\n\n\n\n<p><strong><a aria-label=\" Jedermann-Lauf 3,5 km (\u00f6ffnet in neuem Tab)\" href=\"https:\/\/eiderlauf.athletico-buedelsdorf.de\/?page_id=55\" target=\"_blank\" rel=\"noreferrer noopener\"> Jedermann-Lauf 5,3 km<\/a>\u00a0<\/strong>\u00a0\u00a0\u00a0\u00a0 (ab 8 Jahren &#8211; also Jahrgang 2018 und \u00e4lter)\u00a0\u00a0\u00a0\u00a0\u00a0 Start: ca. 10.40 Uhr<\/p>\n\n\n\n<p class=\"has-vivid-red-color has-text-color\"><strong>Siegerehrungen: <\/strong><\/p>\n\n\n\n<h5 class=\"wp-block-heading\"><strong>Wertung Eiderlauf :<\/strong><\/h5>\n\n\n\n<p class=\"has-very-dark-gray-color has-text-color\">Gesamtwertung im Hauptlauf  und im Jedermannlauf Platz 1-3 m\/w, Einzelwertungen im \u201cZwergensprint\u201d <\/p>\n\n\n\n<h5 class=\"wp-block-heading\"><strong>A<\/strong><strong>uszeichnungen:<\/strong><\/h5>\n\n\n\n<p class=\"has-very-dark-gray-color has-text-color\">\u2013  Zwergensprint : Urkunden f\u00fcr alle Teilnehmer und Pokale Platz 1-3 in jeder AK<\/p>\n\n\n\n<p class=\"has-very-dark-gray-color has-text-color\"> \u2013 Haupt- und Jedermannlauf :  Urkunden und Sachpreise Platz 1-3 gesamt m\/w; Urkunden f\u00fcr die AK-Wertungen \u00fcber das Internet bei <strong><a rel=\"noreferrer noopener\" href=\"http:\/\/www.wetzstopp.de\" target=\"_blank\">Wetzstopp<\/a><\/strong> <br> <\/p>\n\n\n\n<p style=\"font-size:24px\"><strong>Umkleiden:<\/strong><\/p>\n\n\n\n<p class=\"has-very-dark-gray-color has-text-color\">Umkleiden und Duschen im Eiderstadion<\/p>\n\n\n\n<h5 class=\"wp-block-heading\"><strong>Verpflegung:<\/strong><\/h5>\n\n\n\n<p class=\"has-very-dark-gray-color has-text-color\">Im Zielbereich werden die Teilnehmer mit Getr\u00e4nken und Bananen versorgt. Auf der Strecke gibt es keine Versorgung mit Getr\u00e4nken.<\/p>\n\n\n\n<h5 class=\"wp-block-heading\"><strong>Ergebnisse:<\/strong><\/h5>\n\n\n\n<p class=\"has-vivid-cyan-blue-color has-text-color\">Ergebnislisten werden am Wettkampftag so schnell wie m\u00f6glich erstellt, und k\u00f6nnen bei <strong><a href=\"http:\/\/www.wetzstopp.de\" target=\"_blank\" rel=\"noreferrer noopener\" aria-label=\" (\u00f6ffnet in neuem Tab)\">Wetzstopp<\/a><\/strong> abgerufen werden.<\/p>\n\n\n\n<h5 class=\"wp-block-heading\"><strong>Siegerehrung:<\/strong><\/h5>\n\n\n\n<p class=\"has-very-dark-gray-color has-text-color\">findet im Eiderstadion statt<\/p>\n\n\n\n<p class=\"has-very-dark-gray-color has-text-color\" style=\"font-size:24px\"><strong>Parkpl\u00e4tze:<\/strong><\/p>\n\n\n\n<p>Parkplatz Freibad B\u00fcdelsdorf,  Hermann-Ehlers-Platz 5<\/p>\n\n\n\n<p>Parkplatz BTSV-Heim,  Hermann-Ehlers-Platz 4  <\/p>\n\n\n\n<p>Ausreichend Parkraum ist auch in den angrenzenden Stra\u00dfen vorhanden. &#8211; Probleme, Autos abzustellen, gibt es NICHT !<\/p>\n\n\n\n<figure class=\"wp-block-image size-large\"><img loading=\"lazy\" decoding=\"async\" width=\"643\" height=\"445\" src=\"https:\/\/eiderlauf.athletico-buedelsdorf.de\/wp-content\/uploads\/2020\/01\/Screenshot_2020-01-30-Google-Maps.png\" alt=\"\" class=\"wp-image-1394\" srcset=\"https:\/\/eiderlauf.athletico-buedelsdorf.de\/wp-content\/uploads\/2020\/01\/Screenshot_2020-01-30-Google-Maps.png 643w, https:\/\/eiderlauf.athletico-buedelsdorf.de\/wp-content\/uploads\/2020\/01\/Screenshot_2020-01-30-Google-Maps-300x208.png 300w\" sizes=\"auto, (max-width: 643px) 100vw, 643px\" \/><figcaption class=\"wp-element-caption\"><em>Copyright Google Maps<\/em><\/figcaption><\/figure>\n\n\n\n<p class=\"has-very-dark-gray-color has-text-color\" style=\"font-size:24px\"><strong>Fotos:<\/strong><\/p>\n\n\n\n<p>W\u00e4hrend des Wettkampfes werden Fotos aufgenommen die evtl. sp\u00e4ter auf der Webseite ver\u00f6ffentlicht werden.<\/p>\n\n\n\n<h5 class=\"wp-block-heading\"><strong>Veranstaltung:<\/strong><\/h5>\n\n\n\n<p class=\"has-very-dark-gray-color has-text-color\">Die Veranstaltung ist vom SHLV genehmigt (Schleswig-Holsteinischer Leichtathletik-Verband)<\/p>\n\n\n\n<h5 class=\"wp-block-heading\"><strong>Haftung:<\/strong><\/h5>\n\n\n\n<p class=\"has-very-dark-gray-color has-text-color\">F\u00fcr Unf\u00e4lle, abhandengekommene Gegenst\u00e4nde und sonstige Sch\u00e4den wird nicht gehaftet<\/p>\n","protected":false},"excerpt":{"rendered":"<p>Ausschreibung 36. B\u00fcdelsdorfer Eiderlauf Ausrichter: SG Athletico B\u00fcdelsdorf Ort und Datum: B\u00fcdelsdorf, 04.10.2026 Start und Ziel: B\u00fcdelsdorf, Eiderstadion, Hermann-Ehlers-Platz 4 Anmeldung: Die Anmeldung erfolgt online unter www.raceresult.de Meldeschluss: Sonntag, 27. Septemer 2026 ; siehe&#46;&#46;&#46;<\/p>\n","protected":false},"author":1,"featured_media":0,"parent":0,"menu_order":0,"comment_status":"closed","ping_status":"closed","template":"","meta":{"ngg_post_thumbnail":0,"footnotes":""},"class_list":["post-1253","page","type-page","status-publish","hentry"],"_links":{"self":[{"href":"https:\/\/eiderlauf.athletico-buedelsdorf.de\/index.php?rest_route=\/wp\/v2\/pages\/1253","targetHints":{"allow":["GET"]}}],"collection":[{"href":"https:\/\/eiderlauf.athletico-buedelsdorf.de\/index.php?rest_route=\/wp\/v2\/pages"}],"about":[{"href":"https:\/\/eiderlauf.athletico-buedelsdorf.de\/index.php?rest_route=\/wp\/v2\/types\/page"}],"author":[{"embeddable":true,"href":"https:\/\/eiderlauf.athletico-buedelsdorf.de\/index.php?rest_route=\/wp\/v2\/users\/1"}],"replies":[{"embeddable":true,"href":"https:\/\/eiderlauf.athletico-buedelsdorf.de\/index.php?rest_route=%2Fwp%2Fv2%2Fcomments&post=1253"}],"version-history":[{"count":83,"href":"https:\/\/eiderlauf.athletico-buedelsdorf.de\/index.php?rest_route=\/wp\/v2\/pages\/1253\/revisions"}],"predecessor-version":[{"id":3826,"href":"https:\/\/eiderlauf.athletico-buedelsdorf.de\/index.php?rest_route=\/wp\/v2\/pages\/1253\/revisions\/3826"}],"wp:attachment":[{"href":"https:\/\/eiderlauf.athletico-buedelsdorf.de\/index.php?rest_route=%2Fwp%2Fv2%2Fmedia&parent=1253"}],"curies":[{"name":"wp","href":"https:\/\/api.w.org\/{rel}","templated":true}]}}