{"id":1242,"date":"2019-04-18T18:35:48","date_gmt":"2019-04-18T16:35:48","guid":{"rendered":"http:\/\/eiderlauf.athletico-buedelsdorf.de\/?page_id=1242"},"modified":"2020-01-14T12:53:49","modified_gmt":"2020-01-14T10:53:49","slug":"die-stimme-des-25-eiderlaufs","status":"publish","type":"page","link":"https:\/\/eiderlauf.athletico-buedelsdorf.de\/?page_id=1242","title":{"rendered":"Die Stimme des 25. Eiderlaufs"},"content":{"rendered":"\n<p>Peter Poppe aus Itzehoe moderiert erstmals den Eiderlauf.<\/p>\n\n\n\n<figure class=\"wp-block-image is-resized\"><img loading=\"lazy\" decoding=\"async\" src=\"https:\/\/eiderlauf.athletico-buedelsdorf.de\/wp-content\/uploads\/2014\/08\/Peter-Poppe-711x1024.jpg\" alt=\"\" class=\"wp-image-348\" width=\"345\" height=\"496\" srcset=\"https:\/\/eiderlauf.athletico-buedelsdorf.de\/wp-content\/uploads\/2014\/08\/Peter-Poppe-711x1024.jpg 711w, https:\/\/eiderlauf.athletico-buedelsdorf.de\/wp-content\/uploads\/2014\/08\/Peter-Poppe-208x300.jpg 208w, https:\/\/eiderlauf.athletico-buedelsdorf.de\/wp-content\/uploads\/2014\/08\/Peter-Poppe.jpg 1483w\" sizes=\"auto, (max-width: 345px) 100vw, 345px\" \/><figcaption>&#8222;The Voice&#8220;<\/figcaption><\/figure>\n\n\n\n<!--more-->\n\n\n\n<p>Spontan &#8222;Ja&#8220; sagte Peter als wir ihn vor ein paar Wochen fragten ob er nicht Lust h\u00e4tte den Eiderlauf zu moderieren. Selbst noch h\u00f6chst Aktiv in der Triathlonszene ist Peter ein erfahrener Moderator des St\u00f6r-Laufs in Itzehoe und hat zuletzt unseren Triathlon in Rendsburg moderiert.<\/p>\n","protected":false},"excerpt":{"rendered":"<p>Peter Poppe aus Itzehoe moderiert erstmals den Eiderlauf.<\/p>\n","protected":false},"author":1,"featured_media":0,"parent":0,"menu_order":0,"comment_status":"closed","ping_status":"closed","template":"","meta":{"ngg_post_thumbnail":0,"footnotes":""},"class_list":["post-1242","page","type-page","status-publish","hentry"],"_links":{"self":[{"href":"https:\/\/eiderlauf.athletico-buedelsdorf.de\/index.php?rest_route=\/wp\/v2\/pages\/1242","targetHints":{"allow":["GET"]}}],"collection":[{"href":"https:\/\/eiderlauf.athletico-buedelsdorf.de\/index.php?rest_route=\/wp\/v2\/pages"}],"about":[{"href":"https:\/\/eiderlauf.athletico-buedelsdorf.de\/index.php?rest_route=\/wp\/v2\/types\/page"}],"author":[{"embeddable":true,"href":"https:\/\/eiderlauf.athletico-buedelsdorf.de\/index.php?rest_route=\/wp\/v2\/users\/1"}],"replies":[{"embeddable":true,"href":"https:\/\/eiderlauf.athletico-buedelsdorf.de\/index.php?rest_route=%2Fwp%2Fv2%2Fcomments&post=1242"}],"version-history":[{"count":2,"href":"https:\/\/eiderlauf.athletico-buedelsdorf.de\/index.php?rest_route=\/wp\/v2\/pages\/1242\/revisions"}],"predecessor-version":[{"id":1352,"href":"https:\/\/eiderlauf.athletico-buedelsdorf.de\/index.php?rest_route=\/wp\/v2\/pages\/1242\/revisions\/1352"}],"wp:attachment":[{"href":"https:\/\/eiderlauf.athletico-buedelsdorf.de\/index.php?rest_route=%2Fwp%2Fv2%2Fmedia&parent=1242"}],"curies":[{"name":"wp","href":"https:\/\/api.w.org\/{rel}","templated":true}]}}