{"id":1219,"date":"2019-04-18T18:23:02","date_gmt":"2019-04-18T16:23:02","guid":{"rendered":"http:\/\/eiderlauf.athletico-buedelsdorf.de\/?page_id=1219"},"modified":"2019-04-18T18:23:03","modified_gmt":"2019-04-18T16:23:03","slug":"sparkasse-mittelholstein-auch-2015-wieder-hauptsponsor","status":"publish","type":"page","link":"https:\/\/eiderlauf.athletico-buedelsdorf.de\/?page_id=1219","title":{"rendered":"Sparkasse Mittelholstein auch 2015 wieder Hauptsponsor &#8230;"},"content":{"rendered":"\n<p>Wir freuen uns auch dieses Jahr die Sparkasse Mittelholstein wieder als Haupstponsor f\u00fcr den Eiderlauf gewonnen zu haben.<\/p>\n\n\n\n<figure class=\"wp-block-image is-resized\"><img loading=\"lazy\" decoding=\"async\" src=\"https:\/\/eiderlauf.athletico-buedelsdorf.de\/wp-content\/uploads\/2014\/08\/if5_spk_logo1.gif\" alt=\"\" class=\"wp-image-188\" width=\"237\" height=\"97\"\/><\/figure>\n\n\n\n<!--more-->\n\n\n\n<p>Mit der gro\u00dfz\u00fcgiggen Spende k\u00f6nnen wir Medaillien und Pokale f\u00fcr unsere Siegerehrung beschaffen. Besonders im Zwergensprint erfreuen sich die Minipokale gro\u00dfer Beliebtheit.<\/p>\n\n\n\n<p>Vielen Dank an die <a href=\"https:\/\/www.spk-mittelholstein.de\/ihre-sparkasse\/index.php?n=%2Fihre-sparkasse%2F\" target=\"_blank\" rel=\"noreferrer noopener\">Sparkasse Mittelholstein<\/a> mit Hauptsitz in Rendsburg.<\/p>\n","protected":false},"excerpt":{"rendered":"<p>Wir freuen uns auch dieses Jahr die Sparkasse Mittelholstein wieder als Haupstponsor f\u00fcr den Eiderlauf gewonnen zu haben.<\/p>\n","protected":false},"author":1,"featured_media":0,"parent":0,"menu_order":0,"comment_status":"closed","ping_status":"closed","template":"","meta":{"ngg_post_thumbnail":0,"footnotes":""},"class_list":["post-1219","page","type-page","status-publish","hentry"],"_links":{"self":[{"href":"https:\/\/eiderlauf.athletico-buedelsdorf.de\/index.php?rest_route=\/wp\/v2\/pages\/1219","targetHints":{"allow":["GET"]}}],"collection":[{"href":"https:\/\/eiderlauf.athletico-buedelsdorf.de\/index.php?rest_route=\/wp\/v2\/pages"}],"about":[{"href":"https:\/\/eiderlauf.athletico-buedelsdorf.de\/index.php?rest_route=\/wp\/v2\/types\/page"}],"author":[{"embeddable":true,"href":"https:\/\/eiderlauf.athletico-buedelsdorf.de\/index.php?rest_route=\/wp\/v2\/users\/1"}],"replies":[{"embeddable":true,"href":"https:\/\/eiderlauf.athletico-buedelsdorf.de\/index.php?rest_route=%2Fwp%2Fv2%2Fcomments&post=1219"}],"version-history":[{"count":1,"href":"https:\/\/eiderlauf.athletico-buedelsdorf.de\/index.php?rest_route=\/wp\/v2\/pages\/1219\/revisions"}],"predecessor-version":[{"id":1220,"href":"https:\/\/eiderlauf.athletico-buedelsdorf.de\/index.php?rest_route=\/wp\/v2\/pages\/1219\/revisions\/1220"}],"wp:attachment":[{"href":"https:\/\/eiderlauf.athletico-buedelsdorf.de\/index.php?rest_route=%2Fwp%2Fv2%2Fmedia&parent=1219"}],"curies":[{"name":"wp","href":"https:\/\/api.w.org\/{rel}","templated":true}]}}