{"id":1216,"date":"2019-04-18T18:21:29","date_gmt":"2019-04-18T16:21:29","guid":{"rendered":"http:\/\/eiderlauf.athletico-buedelsdorf.de\/?page_id=1216"},"modified":"2019-04-18T18:21:30","modified_gmt":"2019-04-18T16:21:30","slug":"zahnarztpraxis-brueske-aus-buedelsdorf-sponsert-den-eiderlauf","status":"publish","type":"page","link":"https:\/\/eiderlauf.athletico-buedelsdorf.de\/?page_id=1216","title":{"rendered":"Zahnarztpraxis Br\u00fcske aus B\u00fcdelsdorf sponsert den Eiderlauf"},"content":{"rendered":"\n<p>Als neuen Sponsor d\u00fcrfen wir die Zahnarztpraxis Br\u00fcske aus B\u00fcdelsdorf f\u00fcr den diesj\u00e4hrigen Eiderlauf begr\u00fc\u00dfen&#8230;<\/p>\n\n\n\n<figure class=\"wp-block-image\"><img loading=\"lazy\" decoding=\"async\" width=\"973\" height=\"672\" src=\"https:\/\/eiderlauf.athletico-buedelsdorf.de\/wp-content\/uploads\/2014\/08\/Brueske.jpg\" alt=\"\" class=\"wp-image-537\" srcset=\"https:\/\/eiderlauf.athletico-buedelsdorf.de\/wp-content\/uploads\/2014\/08\/Brueske.jpg 973w, https:\/\/eiderlauf.athletico-buedelsdorf.de\/wp-content\/uploads\/2014\/08\/Brueske-300x207.jpg 300w\" sizes=\"auto, (max-width: 973px) 100vw, 973px\" \/><\/figure>\n\n\n\n<!--more-->\n\n\n\n<p>Durch das Engagement k\u00f6nnen wir einen Teil der Siegpr\u00e4mien im Hauptlauf abdecken.<\/p>\n\n\n\n<p>Vielen Dank an Nathalie Br\u00fcske und Ihr Team, das auch fast komplett am Jedermannlauf teilnimmt.<\/p>\n\n\n\n<p><a href=\"http:\/\/zahnarzt-buedelsdorf.de\/\" target=\"_blank\" rel=\"noreferrer noopener\">www.zahnarzt-buedelsdorf.de<\/a><\/p>\n","protected":false},"excerpt":{"rendered":"<p>Als neuen Sponsor d\u00fcrfen wir die Zahnarztpraxis Br\u00fcske aus B\u00fcdelsdorf f\u00fcr den diesj\u00e4hrigen Eiderlauf begr\u00fc\u00dfen&#8230;<\/p>\n","protected":false},"author":1,"featured_media":0,"parent":0,"menu_order":0,"comment_status":"closed","ping_status":"closed","template":"","meta":{"ngg_post_thumbnail":0,"footnotes":""},"class_list":["post-1216","page","type-page","status-publish","hentry"],"_links":{"self":[{"href":"https:\/\/eiderlauf.athletico-buedelsdorf.de\/index.php?rest_route=\/wp\/v2\/pages\/1216","targetHints":{"allow":["GET"]}}],"collection":[{"href":"https:\/\/eiderlauf.athletico-buedelsdorf.de\/index.php?rest_route=\/wp\/v2\/pages"}],"about":[{"href":"https:\/\/eiderlauf.athletico-buedelsdorf.de\/index.php?rest_route=\/wp\/v2\/types\/page"}],"author":[{"embeddable":true,"href":"https:\/\/eiderlauf.athletico-buedelsdorf.de\/index.php?rest_route=\/wp\/v2\/users\/1"}],"replies":[{"embeddable":true,"href":"https:\/\/eiderlauf.athletico-buedelsdorf.de\/index.php?rest_route=%2Fwp%2Fv2%2Fcomments&post=1216"}],"version-history":[{"count":1,"href":"https:\/\/eiderlauf.athletico-buedelsdorf.de\/index.php?rest_route=\/wp\/v2\/pages\/1216\/revisions"}],"predecessor-version":[{"id":1217,"href":"https:\/\/eiderlauf.athletico-buedelsdorf.de\/index.php?rest_route=\/wp\/v2\/pages\/1216\/revisions\/1217"}],"wp:attachment":[{"href":"https:\/\/eiderlauf.athletico-buedelsdorf.de\/index.php?rest_route=%2Fwp%2Fv2%2Fmedia&parent=1216"}],"curies":[{"name":"wp","href":"https:\/\/api.w.org\/{rel}","templated":true}]}}