{"id":1179,"date":"2019-04-18T17:53:58","date_gmt":"2019-04-18T15:53:58","guid":{"rendered":"http:\/\/eiderlauf.athletico-buedelsdorf.de\/?page_id=1179"},"modified":"2019-04-18T17:53:59","modified_gmt":"2019-04-18T15:53:59","slug":"reisebuero-trost-sponsert-siegpraemie-im-hauptlauf","status":"publish","type":"page","link":"https:\/\/eiderlauf.athletico-buedelsdorf.de\/?page_id=1179","title":{"rendered":"Reiseb\u00fcro Trost sponsert Siegpr\u00e4mie im Hauptlauf"},"content":{"rendered":"\n<p>Das Reiseb\u00fcro Trost in Rendsburg hat in diesem Jahr wieder 100,- Euro f\u00fcr die Siegpr\u00e4mien im Hauptlauf gesponsert.<\/p>\n\n\n\n<figure class=\"wp-block-image\"><img loading=\"lazy\" decoding=\"async\" width=\"1024\" height=\"681\" src=\"https:\/\/eiderlauf.athletico-buedelsdorf.de\/wp-content\/uploads\/2016\/11\/DSC_0357-1024x681.jpg\" alt=\"\" class=\"wp-image-864\" srcset=\"https:\/\/eiderlauf.athletico-buedelsdorf.de\/wp-content\/uploads\/2016\/11\/DSC_0357-1024x681.jpg 1024w, https:\/\/eiderlauf.athletico-buedelsdorf.de\/wp-content\/uploads\/2016\/11\/DSC_0357-300x199.jpg 300w, https:\/\/eiderlauf.athletico-buedelsdorf.de\/wp-content\/uploads\/2016\/11\/DSC_0357-768x511.jpg 768w, https:\/\/eiderlauf.athletico-buedelsdorf.de\/wp-content\/uploads\/2016\/11\/DSC_0357.jpg 1504w\" sizes=\"auto, (max-width: 1024px) 100vw, 1024px\" \/><\/figure>\n\n\n\n<!--more-->\n\n\n\n<p>Vielen Dank an Sylvia Trost und ihr gesamtes Team!!<\/p>\n","protected":false},"excerpt":{"rendered":"<p>Das Reiseb\u00fcro Trost in Rendsburg hat in diesem Jahr wieder 100,- Euro f\u00fcr die Siegpr\u00e4mien im Hauptlauf gesponsert.<\/p>\n","protected":false},"author":1,"featured_media":0,"parent":0,"menu_order":0,"comment_status":"closed","ping_status":"closed","template":"","meta":{"ngg_post_thumbnail":0,"footnotes":""},"class_list":["post-1179","page","type-page","status-publish","hentry"],"_links":{"self":[{"href":"https:\/\/eiderlauf.athletico-buedelsdorf.de\/index.php?rest_route=\/wp\/v2\/pages\/1179","targetHints":{"allow":["GET"]}}],"collection":[{"href":"https:\/\/eiderlauf.athletico-buedelsdorf.de\/index.php?rest_route=\/wp\/v2\/pages"}],"about":[{"href":"https:\/\/eiderlauf.athletico-buedelsdorf.de\/index.php?rest_route=\/wp\/v2\/types\/page"}],"author":[{"embeddable":true,"href":"https:\/\/eiderlauf.athletico-buedelsdorf.de\/index.php?rest_route=\/wp\/v2\/users\/1"}],"replies":[{"embeddable":true,"href":"https:\/\/eiderlauf.athletico-buedelsdorf.de\/index.php?rest_route=%2Fwp%2Fv2%2Fcomments&post=1179"}],"version-history":[{"count":1,"href":"https:\/\/eiderlauf.athletico-buedelsdorf.de\/index.php?rest_route=\/wp\/v2\/pages\/1179\/revisions"}],"predecessor-version":[{"id":1180,"href":"https:\/\/eiderlauf.athletico-buedelsdorf.de\/index.php?rest_route=\/wp\/v2\/pages\/1179\/revisions\/1180"}],"wp:attachment":[{"href":"https:\/\/eiderlauf.athletico-buedelsdorf.de\/index.php?rest_route=%2Fwp%2Fv2%2Fmedia&parent=1179"}],"curies":[{"name":"wp","href":"https:\/\/api.w.org\/{rel}","templated":true}]}}