{"id":1164,"date":"2019-04-18T17:38:31","date_gmt":"2019-04-18T15:38:31","guid":{"rendered":"http:\/\/eiderlauf.athletico-buedelsdorf.de\/?page_id=1164"},"modified":"2019-04-18T17:38:33","modified_gmt":"2019-04-18T15:38:33","slug":"unser-banner","status":"publish","type":"page","link":"https:\/\/eiderlauf.athletico-buedelsdorf.de\/?page_id=1164","title":{"rendered":"Unser Banner &#8230;"},"content":{"rendered":"\n<p>&#8230; h\u00e4ngt in diesem Jahr vor der Rendsburger Feuerverzinkerei in der Friedrichst\u00e4dter Strasse.<\/p>\n\n\n\n<figure class=\"wp-block-image\"><img loading=\"lazy\" decoding=\"async\" width=\"1024\" height=\"576\" src=\"https:\/\/eiderlauf.athletico-buedelsdorf.de\/wp-content\/uploads\/2017\/10\/20171003_1227561-1024x576.jpg\" alt=\"\" class=\"wp-image-878\" srcset=\"https:\/\/eiderlauf.athletico-buedelsdorf.de\/wp-content\/uploads\/2017\/10\/20171003_1227561-1024x576.jpg 1024w, https:\/\/eiderlauf.athletico-buedelsdorf.de\/wp-content\/uploads\/2017\/10\/20171003_1227561-300x169.jpg 300w, https:\/\/eiderlauf.athletico-buedelsdorf.de\/wp-content\/uploads\/2017\/10\/20171003_1227561-768x432.jpg 768w, https:\/\/eiderlauf.athletico-buedelsdorf.de\/wp-content\/uploads\/2017\/10\/20171003_1227561.jpg 2048w\" sizes=\"auto, (max-width: 1024px) 100vw, 1024px\" \/><\/figure>\n\n\n\n<p>Vielen Dank an Wolfgang Harbeck (Gesch\u00e4ftsf\u00fchrer und Athletico Mitglied) und sein Team.<\/p>\n\n\n\n<p><strong><a href=\"http:\/\/www.rendsburger-feuerverzinkerei.de\/\" target=\"_blank\" rel=\"noreferrer noopener\" aria-label=\"Homepage &quot;Feuerverzinkerei Rendsburg&quot; (\u00f6ffnet in neuem Tab)\">Homepage &#8222;Feuerverzinkerei Rendsburg&#8220;<\/a><\/strong><\/p>\n","protected":false},"excerpt":{"rendered":"<p>&#8230; h\u00e4ngt in diesem Jahr vor der Rendsburger Feuerverzinkerei in der Friedrichst\u00e4dter Strasse. Vielen Dank an Wolfgang Harbeck (Gesch\u00e4ftsf\u00fchrer und Athletico Mitglied) und sein Team. Homepage &#8222;Feuerverzinkerei Rendsburg&#8220;<\/p>\n","protected":false},"author":1,"featured_media":0,"parent":0,"menu_order":0,"comment_status":"closed","ping_status":"closed","template":"","meta":{"ngg_post_thumbnail":0,"footnotes":""},"class_list":["post-1164","page","type-page","status-publish","hentry"],"_links":{"self":[{"href":"https:\/\/eiderlauf.athletico-buedelsdorf.de\/index.php?rest_route=\/wp\/v2\/pages\/1164","targetHints":{"allow":["GET"]}}],"collection":[{"href":"https:\/\/eiderlauf.athletico-buedelsdorf.de\/index.php?rest_route=\/wp\/v2\/pages"}],"about":[{"href":"https:\/\/eiderlauf.athletico-buedelsdorf.de\/index.php?rest_route=\/wp\/v2\/types\/page"}],"author":[{"embeddable":true,"href":"https:\/\/eiderlauf.athletico-buedelsdorf.de\/index.php?rest_route=\/wp\/v2\/users\/1"}],"replies":[{"embeddable":true,"href":"https:\/\/eiderlauf.athletico-buedelsdorf.de\/index.php?rest_route=%2Fwp%2Fv2%2Fcomments&post=1164"}],"version-history":[{"count":1,"href":"https:\/\/eiderlauf.athletico-buedelsdorf.de\/index.php?rest_route=\/wp\/v2\/pages\/1164\/revisions"}],"predecessor-version":[{"id":1165,"href":"https:\/\/eiderlauf.athletico-buedelsdorf.de\/index.php?rest_route=\/wp\/v2\/pages\/1164\/revisions\/1165"}],"wp:attachment":[{"href":"https:\/\/eiderlauf.athletico-buedelsdorf.de\/index.php?rest_route=%2Fwp%2Fv2%2Fmedia&parent=1164"}],"curies":[{"name":"wp","href":"https:\/\/api.w.org\/{rel}","templated":true}]}}