{"id":1157,"date":"2019-04-18T17:32:01","date_gmt":"2019-04-18T15:32:01","guid":{"rendered":"http:\/\/eiderlauf.athletico-buedelsdorf.de\/?page_id=1157"},"modified":"2019-04-18T17:33:49","modified_gmt":"2019-04-18T15:33:49","slug":"top-laeuferfeld-im-hauptlauf-sind-die-streckenrekorde-in-gefahr","status":"publish","type":"page","link":"https:\/\/eiderlauf.athletico-buedelsdorf.de\/?page_id=1157","title":{"rendered":"TOP L\u00e4uferfeld im Hauptlauf &#8211; Sind die Streckenrekorde in Gefahr?"},"content":{"rendered":"\n<p>Die Meldeliste im Hauptlauf kann sich mehr als sehen lassen in diesem Jahr.<\/p>\n\n\n\n<figure class=\"wp-block-image\"><img loading=\"lazy\" decoding=\"async\" width=\"410\" height=\"147\" src=\"https:\/\/eiderlauf.athletico-buedelsdorf.de\/wp-content\/uploads\/2017\/10\/Streckenrekorde-Bild.jpg\" alt=\"\" class=\"wp-image-911\" srcset=\"https:\/\/eiderlauf.athletico-buedelsdorf.de\/wp-content\/uploads\/2017\/10\/Streckenrekorde-Bild.jpg 410w, https:\/\/eiderlauf.athletico-buedelsdorf.de\/wp-content\/uploads\/2017\/10\/Streckenrekorde-Bild-300x108.jpg 300w\" sizes=\"auto, (max-width: 410px) 100vw, 410px\" \/><\/figure>\n\n\n\n<p><strong>Karsten Meier, LG Braunschweig<\/strong> &#8211; Dieses Jahr schon 29:40min auf der Bahn \u00fcber 10km gelaufen.<\/p>\n\n\n\n<p><strong>Pascal Detlefs, LG Flensburg<\/strong> &#8211; 12 maliger Sieger (in Folge) beim Eiderlauf und dieses Jahr schon 31:29min \u00fcber 10km auf der Stra\u00dfe gelaufen.<\/p>\n\n\n\n<p><strong>Maja Rehberg, TOYOTA Auto Centrum Lass<\/strong> \u2013 Vorjahressiegerin und pers\u00f6nliche Bestzeit in diesem Jahr \u00fcber 10km auf der Stra\u00dfe in 34:36min.<\/p>\n\n\n\n<p><strong>Isabell Teegen, TOYOTA Auto Centrum Lass<\/strong> \u2013 Pers\u00f6nliche Bestzeit \u00fcber 10km in 33:35 (2015).<\/p>\n\n\n\n<p><strong>Victoria Brandt, SCC Berlin<\/strong> &#8211; Pers\u00f6nliche Bestzeit in diesem Jahr \u00fcber 10km auf der Stra\u00dfe in 34:33min.<\/p>\n\n\n\n<p><strong>Natalie Jachmann, LG Flensburg<\/strong> &#8211; Pers\u00f6nliche Bestzeit in diesem Jahr \u00fcber 10km auf der Bahn in 35:52min.<\/p>\n\n\n\n<p>Gibt es neue Streckenrekorde?<\/p>\n\n\n\n<table class=\"wp-block-table\"><tbody><tr><td><strong>Hauptlauf \u2013 Frauen<\/strong><\/td><td>1991: Kirsten Herzberg, LBV Ph\u00f6nix L\u00fcbeck, <strong>38:20 Minuten<\/strong><\/td><\/tr><tr><td><strong>Hauptlauf \u2013 M\u00e4nner<\/strong><\/td><td>1992: Frank K\u00fchrmann, LBV Ph\u00f6nix L\u00fcbeck, <strong>33:39 Minuten<\/strong><\/td><\/tr><\/tbody><\/table>\n","protected":false},"excerpt":{"rendered":"<p>Die Meldeliste im Hauptlauf kann sich mehr als sehen lassen in diesem Jahr. Karsten Meier, LG Braunschweig &#8211; Dieses Jahr schon 29:40min auf der Bahn \u00fcber 10km gelaufen. Pascal Detlefs, LG Flensburg &#8211; 12&#46;&#46;&#46;<\/p>\n","protected":false},"author":1,"featured_media":0,"parent":0,"menu_order":0,"comment_status":"closed","ping_status":"closed","template":"","meta":{"ngg_post_thumbnail":0,"footnotes":""},"class_list":["post-1157","page","type-page","status-publish","hentry"],"_links":{"self":[{"href":"https:\/\/eiderlauf.athletico-buedelsdorf.de\/index.php?rest_route=\/wp\/v2\/pages\/1157","targetHints":{"allow":["GET"]}}],"collection":[{"href":"https:\/\/eiderlauf.athletico-buedelsdorf.de\/index.php?rest_route=\/wp\/v2\/pages"}],"about":[{"href":"https:\/\/eiderlauf.athletico-buedelsdorf.de\/index.php?rest_route=\/wp\/v2\/types\/page"}],"author":[{"embeddable":true,"href":"https:\/\/eiderlauf.athletico-buedelsdorf.de\/index.php?rest_route=\/wp\/v2\/users\/1"}],"replies":[{"embeddable":true,"href":"https:\/\/eiderlauf.athletico-buedelsdorf.de\/index.php?rest_route=%2Fwp%2Fv2%2Fcomments&post=1157"}],"version-history":[{"count":2,"href":"https:\/\/eiderlauf.athletico-buedelsdorf.de\/index.php?rest_route=\/wp\/v2\/pages\/1157\/revisions"}],"predecessor-version":[{"id":1161,"href":"https:\/\/eiderlauf.athletico-buedelsdorf.de\/index.php?rest_route=\/wp\/v2\/pages\/1157\/revisions\/1161"}],"wp:attachment":[{"href":"https:\/\/eiderlauf.athletico-buedelsdorf.de\/index.php?rest_route=%2Fwp%2Fv2%2Fmedia&parent=1157"}],"curies":[{"name":"wp","href":"https:\/\/api.w.org\/{rel}","templated":true}]}}