{"id":1152,"date":"2019-04-18T17:28:05","date_gmt":"2019-04-18T15:28:05","guid":{"rendered":"http:\/\/eiderlauf.athletico-buedelsdorf.de\/?page_id=1152"},"modified":"2019-04-18T17:29:58","modified_gmt":"2019-04-18T15:29:58","slug":"pflanzen-peikert-sponsert-gutscheine-fuer-die-tombola","status":"publish","type":"page","link":"https:\/\/eiderlauf.athletico-buedelsdorf.de\/?page_id=1152","title":{"rendered":"Pflanzen Peikert sponsert Gutscheine f\u00fcr die Tombola"},"content":{"rendered":"\n<p>\nVielen Dank an das gesamte Team von Pflanzen Peikert aus Rendsburg f\u00fcr 4 Einkaufsgutscheine \u00e1 25 Euro f\u00fcr unsere Tombola.\n\n<\/p>\n\n\n\n<p><a rel=\"noreferrer noopener\" aria-label=\"Homepage Pflanzen Peikert (\u00f6ffnet in neuem Tab)\" href=\"http:\/\/www.pflanzen-peikert.de\/\" target=\"_blank\"><strong>Homepage Pflanzen Peikert<\/strong><\/a><\/p>\n\n\n\n<figure class=\"wp-block-image is-resized\"><img loading=\"lazy\" decoding=\"async\" src=\"https:\/\/eiderlauf.athletico-buedelsdorf.de\/wp-content\/uploads\/2014\/08\/peikert1.jpg\" alt=\"\" class=\"wp-image-192\" width=\"212\" height=\"165\"\/><\/figure>\n","protected":false},"excerpt":{"rendered":"<p>Vielen Dank an das gesamte Team von Pflanzen Peikert aus Rendsburg f\u00fcr 4 Einkaufsgutscheine \u00e1 25 Euro f\u00fcr unsere Tombola. Homepage Pflanzen Peikert<\/p>\n","protected":false},"author":1,"featured_media":0,"parent":0,"menu_order":0,"comment_status":"closed","ping_status":"closed","template":"","meta":{"ngg_post_thumbnail":0,"footnotes":""},"class_list":["post-1152","page","type-page","status-publish","hentry"],"_links":{"self":[{"href":"https:\/\/eiderlauf.athletico-buedelsdorf.de\/index.php?rest_route=\/wp\/v2\/pages\/1152","targetHints":{"allow":["GET"]}}],"collection":[{"href":"https:\/\/eiderlauf.athletico-buedelsdorf.de\/index.php?rest_route=\/wp\/v2\/pages"}],"about":[{"href":"https:\/\/eiderlauf.athletico-buedelsdorf.de\/index.php?rest_route=\/wp\/v2\/types\/page"}],"author":[{"embeddable":true,"href":"https:\/\/eiderlauf.athletico-buedelsdorf.de\/index.php?rest_route=\/wp\/v2\/users\/1"}],"replies":[{"embeddable":true,"href":"https:\/\/eiderlauf.athletico-buedelsdorf.de\/index.php?rest_route=%2Fwp%2Fv2%2Fcomments&post=1152"}],"version-history":[{"count":2,"href":"https:\/\/eiderlauf.athletico-buedelsdorf.de\/index.php?rest_route=\/wp\/v2\/pages\/1152\/revisions"}],"predecessor-version":[{"id":1156,"href":"https:\/\/eiderlauf.athletico-buedelsdorf.de\/index.php?rest_route=\/wp\/v2\/pages\/1152\/revisions\/1156"}],"wp:attachment":[{"href":"https:\/\/eiderlauf.athletico-buedelsdorf.de\/index.php?rest_route=%2Fwp%2Fv2%2Fmedia&parent=1152"}],"curies":[{"name":"wp","href":"https:\/\/api.w.org\/{rel}","templated":true}]}}