{"id":1148,"date":"2019-04-18T17:25:12","date_gmt":"2019-04-18T15:25:12","guid":{"rendered":"http:\/\/eiderlauf.athletico-buedelsdorf.de\/?page_id=1148"},"modified":"2019-04-18T17:25:13","modified_gmt":"2019-04-18T15:25:13","slug":"karsten-meier-von-der-lg-braunschweig-im-interview","status":"publish","type":"page","link":"https:\/\/eiderlauf.athletico-buedelsdorf.de\/?page_id=1148","title":{"rendered":"Karsten Meier von der LG Braunschweig im Interview"},"content":{"rendered":"\n<p>Mit Karsten Meier kommt ein geb\u00fcrtiger Schleswig-Holsteiner nach B\u00fcdelsdorf. Bei den deutschen 10.000-Meter-Meisterschaften in Bautzen im Mai belegte Karsten in neuer pers\u00f6nlicher Bestzeit von 29:40min Platz 6.<\/p>\n\n\n\n<figure class=\"wp-block-image\"><img loading=\"lazy\" decoding=\"async\" width=\"619\" height=\"347\" src=\"https:\/\/eiderlauf.athletico-buedelsdorf.de\/wp-content\/uploads\/2017\/10\/Karsten-Meier.jpg\" alt=\"\" class=\"wp-image-923\" srcset=\"https:\/\/eiderlauf.athletico-buedelsdorf.de\/wp-content\/uploads\/2017\/10\/Karsten-Meier.jpg 619w, https:\/\/eiderlauf.athletico-buedelsdorf.de\/wp-content\/uploads\/2017\/10\/Karsten-Meier-300x168.jpg 300w\" sizes=\"auto, (max-width: 619px) 100vw, 619px\" \/><\/figure>\n\n\n\n<p>Wir haben mit ihm ein kurzes Interview gef\u00fchrt.<\/p>\n\n\n\n<p>Thomas: Hallo Karsten. Wir freuen uns, dass Du dir kurz vor dem Eiderlauf noch ein paar Minuten Zeit f\u00fcr unsere Fragen nimmst.<\/p>\n\n\n\n<p><strong>Karsten: Sehr gerne \ud83d\ude42<\/strong><\/p>\n\n\n\n<p>Thomas: Von Braunschweig nach B\u00fcdelsdorf ist ja nicht gerade ein Katzensprung. Wie bist Du auf unseren Eiderlauf aufmerksam geworden?<\/p>\n\n\n\n<p><strong>Karsten: Ich bin in Gettorf aufgewachsen und besuche dieses Wochenende meine Eltern. Als Kind bin ich auch schon beim Eiderlauf gelaufen, damals aber nat\u00fcrlich noch nicht im Hauptlauf. Ich befinde mich gerade im Aufbautraining, da liegen auch immer viele Tempodauerl\u00e4ufe an. Die mache ich gerne im Rahmen eines Volkslaufs denn das macht einfach mehr Spa\u00df, als alleine durch die Landschaft zu laufen und motiviert au\u00dferdem dazu, noch schneller zu laufen.<\/strong><\/p>\n\n\n\n<p>Thomas: Du hast im Mai auf der Bahn eine Zeit von 29:40min \u00fcber die 10km hingelegt. Anfang September auf der Stra\u00dfe eine 30:48min. Wie siehst Du Deine Chancen den \u201euralt\u201c Streckenrekord von 33:39min \u00fcber 11,11km aus dem Jahre 1992 zu verbessern?<\/p>\n\n\n\n<p><strong>Karsten: So gerne ich den Streckenrekord auch verbessern w\u00fcrde, so unwahrscheinlich halte ich es leider, dass mir das gelingen wird. Der Streckenrekord ist wirklich ein Brett. Als Langstreckenl\u00e4ufer hat man ja immer das Problem, dass man mit seinen Kr\u00e4ften haushalten muss und nicht jedes Wochenende zu absoluter H\u00f6chstleistung auflaufen zu k\u00f6nnen. Gerade jetzt am Saisonanfang werde ich wohl noch nicht in der Lage sein, eine solche Zeit solide abzuliefern. Ich werde mich eher auf den Zweikampf mit Pascal Detlefs konzentrieren, ich denke in der Hinsicht k\u00f6nnen die Zuschauer ein sehr spannendes Rennen erleben. Vielleicht k\u00f6nnen wir uns gegenseitig auch zu einer sehr guten Zeit treiben.<\/strong><\/p>\n\n\n\n<p>Thomas: Wie sehen Deine sportlichen Pl\u00e4ne f\u00fcr 2018 aus?<\/p>\n\n\n\n<p><strong>Karsten: Meine Zukunft ist noch etwas in der Schwebe. Ich habe gerade erst am Dienstag mein Studium abgeschlossen und wei\u00df noch nicht genau wie es beruflich weitergeht. Wenn alles glatt l\u00e4uft und ich eine Stelle finde, die weiterhin intensives Lauftraining zul\u00e4sst, werde ich versuchen, m\u00f6glichst dicht an eine EM Norm heranzulaufen. Auf welche Strecke ich mich tats\u00e4chlich konzentrieren werde, steht noch gar nicht genau fest. Ich habe dieses Jahr gute Leistungen auf 5000m und 10000m abgeliefert, aber ich kann mir auch vorstellen, mich im Marathon auszuprobieren. Was ich tats\u00e4chlich n\u00e4chstes Jahr laufe, werden meine Trainingsergebnisse im Winter zeigen.<\/strong><\/p>\n\n\n\n<p>Thomas: Zum Schluss nochmals vielen Dank Karsten f\u00fcr das Interview und f\u00fcr Sonntag w\u00fcnschen wir Dir alles Gute und viel Erfolg.<\/p>\n\n\n\n<p><strong>Karsten: Vielen Dank, ich freue mich schon darauf, mal wieder einen Volkslauf in meiner Heimat zu bestreiten!<\/strong><\/p>\n","protected":false},"excerpt":{"rendered":"<p>Mit Karsten Meier kommt ein geb\u00fcrtiger Schleswig-Holsteiner nach B\u00fcdelsdorf. Bei den deutschen 10.000-Meter-Meisterschaften in Bautzen im Mai belegte Karsten in neuer pers\u00f6nlicher Bestzeit von 29:40min Platz 6. Wir haben mit ihm ein kurzes Interview&#46;&#46;&#46;<\/p>\n","protected":false},"author":1,"featured_media":0,"parent":0,"menu_order":0,"comment_status":"closed","ping_status":"closed","template":"","meta":{"ngg_post_thumbnail":0,"footnotes":""},"class_list":["post-1148","page","type-page","status-publish","hentry"],"_links":{"self":[{"href":"https:\/\/eiderlauf.athletico-buedelsdorf.de\/index.php?rest_route=\/wp\/v2\/pages\/1148","targetHints":{"allow":["GET"]}}],"collection":[{"href":"https:\/\/eiderlauf.athletico-buedelsdorf.de\/index.php?rest_route=\/wp\/v2\/pages"}],"about":[{"href":"https:\/\/eiderlauf.athletico-buedelsdorf.de\/index.php?rest_route=\/wp\/v2\/types\/page"}],"author":[{"embeddable":true,"href":"https:\/\/eiderlauf.athletico-buedelsdorf.de\/index.php?rest_route=\/wp\/v2\/users\/1"}],"replies":[{"embeddable":true,"href":"https:\/\/eiderlauf.athletico-buedelsdorf.de\/index.php?rest_route=%2Fwp%2Fv2%2Fcomments&post=1148"}],"version-history":[{"count":1,"href":"https:\/\/eiderlauf.athletico-buedelsdorf.de\/index.php?rest_route=\/wp\/v2\/pages\/1148\/revisions"}],"predecessor-version":[{"id":1149,"href":"https:\/\/eiderlauf.athletico-buedelsdorf.de\/index.php?rest_route=\/wp\/v2\/pages\/1148\/revisions\/1149"}],"wp:attachment":[{"href":"https:\/\/eiderlauf.athletico-buedelsdorf.de\/index.php?rest_route=%2Fwp%2Fv2%2Fmedia&parent=1148"}],"curies":[{"name":"wp","href":"https:\/\/api.w.org\/{rel}","templated":true}]}}