{"id":1144,"date":"2019-04-18T17:22:11","date_gmt":"2019-04-18T15:22:11","guid":{"rendered":"http:\/\/eiderlauf.athletico-buedelsdorf.de\/?page_id=1144"},"modified":"2019-04-18T17:22:13","modified_gmt":"2019-04-18T15:22:13","slug":"victoria-brandt-vom-scc-berlin-im-interview","status":"publish","type":"page","link":"https:\/\/eiderlauf.athletico-buedelsdorf.de\/?page_id=1144","title":{"rendered":"Victoria Brandt vom SCC Berlin im Interview&#8230;"},"content":{"rendered":"\n<p>Ein weiteres Highlight beim diesj\u00e4hrigen Eiderlauf ist die Meldung von Victorisa Brandt vom SCC Berlin. Victoria stellte dieses Jahr in Paderborn beim Strassenlauf mit 34:33min einen neue pers. Bestleistung auf.<\/p>\n\n\n\n<figure class=\"wp-block-image\"><img loading=\"lazy\" decoding=\"async\" width=\"578\" height=\"481\" src=\"https:\/\/eiderlauf.athletico-buedelsdorf.de\/wp-content\/uploads\/2017\/10\/Victoria-Brandt_3.jpg\" alt=\"\" class=\"wp-image-929\" srcset=\"https:\/\/eiderlauf.athletico-buedelsdorf.de\/wp-content\/uploads\/2017\/10\/Victoria-Brandt_3.jpg 578w, https:\/\/eiderlauf.athletico-buedelsdorf.de\/wp-content\/uploads\/2017\/10\/Victoria-Brandt_3-300x250.jpg 300w\" sizes=\"auto, (max-width: 578px) 100vw, 578px\" \/><\/figure>\n\n\n\n<p>Auch mit ihr haben wir ein kurzes Interview gef\u00fchrt.<\/p>\n\n\n\n<p>Thomas: Wie bist Du auf unseren Lauf aufmerksam geworden und was hat Dich bewogen den langen Weg von Berlin nach B\u00fcdelsdorf anzutreten?<\/p>\n\n\n\n<p><strong>Victoria:&nbsp;Meine Tante Inge wohnt in B\u00fcdelsdorf und da verbinde ich das gerne mit einem Besuch bei ihr.<\/strong><\/p>\n\n\n\n<p>Thomas: Vor 2 Jahren bist Du ja schon einmal in B\u00fcdelsdorf gestartet. Liegt Dir das h\u00fcgelige Profil des Eiderlaufs?<\/p>\n\n\n\n<p><strong>Victoria: F\u00fcr mich ist das eine schwere Strecke, da ich nicht so gerne Berge hochlaufe. Ich sehe es als Herausforderung und als sehr gutes Training. Allerdings kann ich runter sehr gut laufen und werde versuchen dort das langsame Hochlaufen wieder gut zu machen.&nbsp;<\/strong><\/p>\n\n\n\n<p>Thomas: Du hast in diesem Jahr eine neue pers\u00f6nliche Bestleistung \u00fcber 10km auf der Stra\u00dfe aufgestellt. 34:33min in Paderborn. Was war das f\u00fcr ein Gef\u00fchl im Ziel?<\/p>\n\n\n\n<p><strong>Victoria: Sehr gut, ich habe mich so gefreut als ich auf die Uhr gesehen habe. Ich hatte damit nicht gerechnet, weil`s so st\u00fcrmisch war und geregnet hat. Umso gr\u00f6\u00dfer war die Freude.<\/strong><\/p>\n\n\n\n<p>Thomas: Mit welchen Erwartungen startest Du am Sonntag. Z\u00e4hlt f\u00fcr Dich nur der Sieg und peilst Du eventuell einen neuen Streckenrekord an? (38:20 min \u00fcber 11,11km aus dem Jahr 1991)<\/p>\n\n\n\n<p><strong>Victoria: Vor allem Spa\u00df haben und ein gutes Training absolvieren. Ich habe im Moment nicht die gleiche Form wie in Paderborn. Deshalb wird es sicher schwer mit dem Streckenrekord. Nat\u00fcrlich w\u00fcrde ich gern gewinnen, aber eventuell habe ich schnelle Gegnerinnen. Natalie Jachmann war vor zwei Jahren auf der Strecke schneller als ich und letztes Jahr hat Maya Rehberg gewonnen. Ich bin gespannt.<\/strong><\/p>\n\n\n\n<p>Thomas: Zum Schluss w\u00fcnschen wir Dir f\u00fcr den Eiderlauf noch alles Gute und bedanken uns f\u00fcr das Interview<\/p>\n\n\n\n<p><strong>Victoria: Vielen Dank, ich freue mich auf Sonntag.&nbsp;&nbsp;<\/strong><\/p>\n","protected":false},"excerpt":{"rendered":"<p>Ein weiteres Highlight beim diesj\u00e4hrigen Eiderlauf ist die Meldung von Victorisa Brandt vom SCC Berlin. Victoria stellte dieses Jahr in Paderborn beim Strassenlauf mit 34:33min einen neue pers. Bestleistung auf. Auch mit ihr haben&#46;&#46;&#46;<\/p>\n","protected":false},"author":1,"featured_media":0,"parent":0,"menu_order":0,"comment_status":"closed","ping_status":"closed","template":"","meta":{"ngg_post_thumbnail":0,"footnotes":""},"class_list":["post-1144","page","type-page","status-publish","hentry"],"_links":{"self":[{"href":"https:\/\/eiderlauf.athletico-buedelsdorf.de\/index.php?rest_route=\/wp\/v2\/pages\/1144","targetHints":{"allow":["GET"]}}],"collection":[{"href":"https:\/\/eiderlauf.athletico-buedelsdorf.de\/index.php?rest_route=\/wp\/v2\/pages"}],"about":[{"href":"https:\/\/eiderlauf.athletico-buedelsdorf.de\/index.php?rest_route=\/wp\/v2\/types\/page"}],"author":[{"embeddable":true,"href":"https:\/\/eiderlauf.athletico-buedelsdorf.de\/index.php?rest_route=\/wp\/v2\/users\/1"}],"replies":[{"embeddable":true,"href":"https:\/\/eiderlauf.athletico-buedelsdorf.de\/index.php?rest_route=%2Fwp%2Fv2%2Fcomments&post=1144"}],"version-history":[{"count":1,"href":"https:\/\/eiderlauf.athletico-buedelsdorf.de\/index.php?rest_route=\/wp\/v2\/pages\/1144\/revisions"}],"predecessor-version":[{"id":1145,"href":"https:\/\/eiderlauf.athletico-buedelsdorf.de\/index.php?rest_route=\/wp\/v2\/pages\/1144\/revisions\/1145"}],"wp:attachment":[{"href":"https:\/\/eiderlauf.athletico-buedelsdorf.de\/index.php?rest_route=%2Fwp%2Fv2%2Fmedia&parent=1144"}],"curies":[{"name":"wp","href":"https:\/\/api.w.org\/{rel}","templated":true}]}}